{"id":594,"date":"2018-12-29T23:02:02","date_gmt":"2018-12-29T22:02:02","guid":{"rendered":"http:\/\/sehnsuchtsmuseum.de\/schau\/?page_id=594"},"modified":"2018-12-29T23:02:02","modified_gmt":"2018-12-29T22:02:02","slug":"datenschutzerklaerung","status":"publish","type":"page","link":"http:\/\/sehnsuchtsmuseum.de\/schau\/datenschutzerklaerung\/","title":{"rendered":"Datenschutzerkl\u00e4rung"},"content":{"rendered":"\n<h2 class=\"wp-block-heading\">Wer wir sind<\/h2>\n\n\n\n<p class=\"wp-block-paragraph\">Die Adresse unserer Website ist: http:\/\/sehnsuchtsmuseum.de.<\/p>\n\n\n\n<h4 class=\"wp-block-heading\">Eingebettete Inhalte von anderen Websites<\/h4>\n\n\n\n<p class=\"wp-block-paragraph\">Beitr\u00e4ge auf dieser Website k\u00f6nnen eingebettete Inhalte beinhalten (z.&nbsp;B. Videos, Bilder, Beitr\u00e4ge etc.). Eingebettete Inhalte von anderen Websites verhalten sich exakt so, als ob der Besucher die andere Website besucht h\u00e4tte.<\/p>\n","protected":false},"excerpt":{"rendered":"<p>Wer wir sind Die Adresse unserer Website ist: http:\/\/sehnsuchtsmuseum.de. Eingebettete Inhalte von anderen Websites Beitr\u00e4ge auf dieser Website k\u00f6nnen eingebettete Inhalte beinhalten (z.&nbsp;B. Videos, Bilder, Beitr\u00e4ge etc.). Eingebettete Inhalte von anderen Websites verhalten sich exakt so, als ob der Besucher die andere Website besucht h\u00e4tte.<\/p>\n","protected":false},"author":1,"featured_media":0,"parent":0,"menu_order":0,"comment_status":"closed","ping_status":"closed","template":"","meta":{"_crdt_document":"","ngg_post_thumbnail":0,"footnotes":""},"class_list":["post-594","page","type-page","status-publish","hentry"],"_links":{"self":[{"href":"http:\/\/sehnsuchtsmuseum.de\/schau\/wp-json\/wp\/v2\/pages\/594","targetHints":{"allow":["GET"]}}],"collection":[{"href":"http:\/\/sehnsuchtsmuseum.de\/schau\/wp-json\/wp\/v2\/pages"}],"about":[{"href":"http:\/\/sehnsuchtsmuseum.de\/schau\/wp-json\/wp\/v2\/types\/page"}],"author":[{"embeddable":true,"href":"http:\/\/sehnsuchtsmuseum.de\/schau\/wp-json\/wp\/v2\/users\/1"}],"replies":[{"embeddable":true,"href":"http:\/\/sehnsuchtsmuseum.de\/schau\/wp-json\/wp\/v2\/comments?post=594"}],"version-history":[{"count":1,"href":"http:\/\/sehnsuchtsmuseum.de\/schau\/wp-json\/wp\/v2\/pages\/594\/revisions"}],"predecessor-version":[{"id":595,"href":"http:\/\/sehnsuchtsmuseum.de\/schau\/wp-json\/wp\/v2\/pages\/594\/revisions\/595"}],"wp:attachment":[{"href":"http:\/\/sehnsuchtsmuseum.de\/schau\/wp-json\/wp\/v2\/media?parent=594"}],"curies":[{"name":"wp","href":"https:\/\/api.w.org\/{rel}","templated":true}]}}