{"id":7,"date":"2017-01-10T17:08:56","date_gmt":"2017-01-10T16:08:56","guid":{"rendered":"http:\/\/sehnsuchtsmuseum.de\/schau\/?page_id=7"},"modified":"2024-03-06T13:58:18","modified_gmt":"2024-03-06T12:58:18","slug":"startseite","status":"publish","type":"page","link":"http:\/\/sehnsuchtsmuseum.de\/schau\/startseite\/","title":{"rendered":"Willkommen"},"content":{"rendered":"\n<h5 class=\"has-text-align-left wp-block-heading\"><a href=\"http:\/\/sehnsuchtsmuseum.de\/schau\/http:\/\/sehnsuchtsmuseum.de\/schau\/ueber-das-museum\">\u00dcber das Museum<\/a><\/h5>\n\n\n\n<h5 class=\"has-text-align-left wp-block-heading\"><a href=\"http:\/\/sehnsuchtsmuseum.de\/schau\/ueber-mich\/\">\u00dcber die K\u00fcnstlerin<\/a><\/h5>\n\n\n\n<p class=\"wp-block-paragraph\"><\/p>\n","protected":false},"excerpt":{"rendered":"<p>\u00dcber das Museum \u00dcber die K\u00fcnstlerin<\/p>\n","protected":false},"author":1,"featured_media":0,"parent":0,"menu_order":0,"comment_status":"closed","ping_status":"closed","template":"","meta":{"_crdt_document":"","ngg_post_thumbnail":0,"footnotes":""},"class_list":["post-7","page","type-page","status-publish","hentry"],"_links":{"self":[{"href":"http:\/\/sehnsuchtsmuseum.de\/schau\/wp-json\/wp\/v2\/pages\/7","targetHints":{"allow":["GET"]}}],"collection":[{"href":"http:\/\/sehnsuchtsmuseum.de\/schau\/wp-json\/wp\/v2\/pages"}],"about":[{"href":"http:\/\/sehnsuchtsmuseum.de\/schau\/wp-json\/wp\/v2\/types\/page"}],"author":[{"embeddable":true,"href":"http:\/\/sehnsuchtsmuseum.de\/schau\/wp-json\/wp\/v2\/users\/1"}],"replies":[{"embeddable":true,"href":"http:\/\/sehnsuchtsmuseum.de\/schau\/wp-json\/wp\/v2\/comments?post=7"}],"version-history":[{"count":33,"href":"http:\/\/sehnsuchtsmuseum.de\/schau\/wp-json\/wp\/v2\/pages\/7\/revisions"}],"predecessor-version":[{"id":1699,"href":"http:\/\/sehnsuchtsmuseum.de\/schau\/wp-json\/wp\/v2\/pages\/7\/revisions\/1699"}],"wp:attachment":[{"href":"http:\/\/sehnsuchtsmuseum.de\/schau\/wp-json\/wp\/v2\/media?parent=7"}],"curies":[{"name":"wp","href":"https:\/\/api.w.org\/{rel}","templated":true}]}}