{"id":753,"date":"2019-05-21T14:08:47","date_gmt":"2019-05-21T12:08:47","guid":{"rendered":"http:\/\/sehnsuchtsmuseum.de\/schau\/?page_id=753"},"modified":"2021-09-11T15:45:36","modified_gmt":"2021-09-11T13:45:36","slug":"schillernd-schlagkraeftige-denk-objekte","status":"publish","type":"page","link":"http:\/\/sehnsuchtsmuseum.de\/schau\/katalog-3\/schillernd-schlagkraeftige-denk-objekte\/","title":{"rendered":"Schillernd schlagkr\u00e4ftige  Denk-Objekte"},"content":{"rendered":"\n<div class=\"wp-block-columns alignwide is-layout-flex wp-container-core-columns-is-layout-8f761849 wp-block-columns-is-layout-flex\">\n<div class=\"wp-block-column is-layout-flow wp-block-column-is-layout-flow\" style=\"flex-basis:50%\">\n<figure class=\"wp-block-image\"><img loading=\"lazy\" decoding=\"async\" width=\"1024\" height=\"680\" src=\"http:\/\/sehnsuchtsmuseum.de\/schau\/wp-content\/uploads\/2019\/05\/INSK1691_collage-1024x680.jpg\" alt=\"\" class=\"wp-image-751\" srcset=\"http:\/\/sehnsuchtsmuseum.de\/schau\/wp-content\/uploads\/2019\/05\/INSK1691_collage-1024x680.jpg 1024w, http:\/\/sehnsuchtsmuseum.de\/schau\/wp-content\/uploads\/2019\/05\/INSK1691_collage-300x199.jpg 300w, http:\/\/sehnsuchtsmuseum.de\/schau\/wp-content\/uploads\/2019\/05\/INSK1691_collage-768x510.jpg 768w, http:\/\/sehnsuchtsmuseum.de\/schau\/wp-content\/uploads\/2019\/05\/INSK1691_collage.jpg 1181w\" sizes=\"auto, (max-width: 1024px) 100vw, 1024px\" \/><\/figure>\n\n\n\n<p class=\"wp-block-paragraph\">Flaschenputzer treffen auf getrocknete Rosen, schimmernde Glaskugeln kr\u00f6nen ein Geweih, kleine Spruchtafeln geben widerspr\u00fcchliches zum Besten. Der Kosmos von Inka Perl ist schillernd und doch zur\u00fcckhaltend, filigran und dennoch voller Schlagkraft, humorvoll und gleichzeitig kritisch und immer ein bisschen r\u00e4tselhaft.<\/p>\n\n\n\n<p class=\"wp-block-paragraph\">Die geb\u00fcrtige Leipzigerin f\u00fcgt zusammen, was auf den ersten Blick nicht heterogener sein k\u00f6nnte. Und doch verschmelzen die Dinge zu neuen Sinngebilden, welche mit einem Augenzwinkern und unverbl\u00fcmter Neugier die normative Wahrnehmung der Wirklichkeit hinterfragen.<\/p>\n\n\n\n<p class=\"wp-block-paragraph\">Inka Perls Arbeiten sind Objektcollagen. Auf Flohm\u00e4rkten sammelt sie Dinge, die ihr ins Auge stechen, die sie neugierig machen oder die ihr gefallen. Ganz im Sinne Marcel Duchamps entscheidet sie, welche Objekte Kunst sind beziehungsweise werden d\u00fcrfen.<\/p>\n\n\n\n<p class=\"wp-block-paragraph\">Diese erfahren dann eine Transformation, Verschmelzen zu einem neuen Ganzen, werden zu dreidimensionalen Collagen voller visueller \u00dcberraschungen. Sie spielen mit dem post-surrealen Geist des Wunderbaren, welches durch die \u201eunvermutete Begegnung einer N\u00e4hmaschine und eines Regenschirms auf einem Seziertisch\u201c hervorgerufen wird.1<\/p>\n\n\n\n<p class=\"wp-block-paragraph\">Dieses \u201eWunderbare\u201c ist es, was Inka Perls Werke zu so faszinierenden kleinen Universen werden l\u00e4sst. Jede Arbeit er\u00f6ffnet eine neue Welt voller Ideen und Assoziationen. Sie f\u00fchrt uns vor Augen, dass die allt\u00e4glichen Dinge mehr sein k\u00f6nnen als das, was wir in ihnen sehen.<\/p>\n<\/div>\n\n\n\n<div class=\"wp-block-column is-layout-flow wp-block-column-is-layout-flow\" style=\"flex-basis:50%\">\n<p class=\"wp-block-paragraph\">Damit setzt sie die Gedankenwelt keines geringeren, als des gro\u00dfen surrealistischen Malers Ren\u00e9 Magritte in die dritte Dimension um, dr\u00fcckt ihr dabei jedoch ihren ganz pr\u00e4gnanten \u201eInka\u201c-Stempel auf, entwickelt die Ideen auf ihre eigene Art und Weise weiter.<\/p>\n\n\n\n<p class=\"wp-block-paragraph\">Ren\u00e9 Magritte ist bekannt f\u00fcr die Irritationen, die er in seinen Werken dadurch erzeugte, dass er unsere Erfahrungen der Wirklichkeit aushebelt. Er verfremdete Allt\u00e4gliches, indem er es aus dem gewohnten Kontext hob. Alle Bilder Magrittes sind jedoch \u00fcber eine \u201epoetische Logik\u201c nachvollziehbar, sie stellen \u201eDenkbilder\u201c2 dar, welche rational reflektierbar sind.<\/p>\n\n\n\n<p class=\"wp-block-paragraph\">Solche Denkbilder bzw. Denk\u00adobjekte sind auch Inka Perls Arbeiten. Die K\u00fcnstlerin hat sich eine wunderbare Neugier bewahrt, welche nichts scheut und sich nicht aufhalten l\u00e4sst. Mit dieser befragt sie nun die Welt. Sie dreht, wendet und kombiniert die Dinge so weit und so lange, bis sie eine Perspektive gefunden hat, welche sie zufrieden stellt. So entstehen spielerisch neue Sinnzusammenh\u00e4nge, die uns als Betrachtern andere Blicke und ungewohnte Sichtweisen erlauben.<\/p>\n\n\n\n<p class=\"wp-block-paragraph\">Mit einem bezaubernden Humor und gleichzeitig oftmals kritischem Blick haucht Inka Perl den allt\u00e4glichen Dingen so ein neues Leben ein \u2013 ein zweites Leben mit origineller Bedeutung und unkonventionellen Zusammenh\u00e4ngen.<\/p>\n\n\n\n<p class=\"wp-block-paragraph\"><em>1 Lautr\u00e9amont, Die Ges\u00e4nge des Maldoror (Orig.: Les Chants de Maldoror, Paris 1868), Sechster Gesang. Reinbeck bei Hamburg 1990 (1963), S. 223.<br>2 Karin Thomas: Blickpunkt Moderne. Eine Geschichte der Kunst von der Romantik bis heute. K\u00f6ln 2010, S. 227.<\/em><\/p>\n\n\n\n<h5 class=\"wp-block-heading\">Anne Simone Kr\u00fcger <br>Kunsthistorikerin und Kuratorin, Hamburg<\/h5>\n<\/div>\n<\/div>\n\n\n\n<div class=\"wp-block-columns is-layout-flex wp-container-core-columns-is-layout-8f761849 wp-block-columns-is-layout-flex\">\n<div class=\"wp-block-column is-layout-flow wp-block-column-is-layout-flow\"><\/div>\n<\/div>\n","protected":false},"excerpt":{"rendered":"<p>Flaschenputzer treffen auf getrocknete Rosen, schimmernde Glaskugeln kr\u00f6nen ein Geweih, kleine Spruchtafeln geben widerspr\u00fcchliches zum Besten. Der Kosmos von Inka Perl ist schillernd und doch zur\u00fcckhaltend, filigran und dennoch voller Schlagkraft, humorvoll und gleichzeitig kritisch und immer ein bisschen r\u00e4tselhaft. Die geb\u00fcrtige Leipzigerin f\u00fcgt zusammen, &hellip; <a href=\"http:\/\/sehnsuchtsmuseum.de\/schau\/katalog-3\/schillernd-schlagkraeftige-denk-objekte\/\" class=\"more-link\"><span>Continue reading<span class=\"screen-reader-text\">Schillernd schlagkr\u00e4ftige  Denk-Objekte<\/span><\/span><\/a><\/p>\n","protected":false},"author":1,"featured_media":0,"parent":720,"menu_order":2,"comment_status":"closed","ping_status":"closed","template":"","meta":{"_crdt_document":"","ngg_post_thumbnail":0,"footnotes":""},"class_list":["post-753","page","type-page","status-publish","hentry"],"_links":{"self":[{"href":"http:\/\/sehnsuchtsmuseum.de\/schau\/wp-json\/wp\/v2\/pages\/753","targetHints":{"allow":["GET"]}}],"collection":[{"href":"http:\/\/sehnsuchtsmuseum.de\/schau\/wp-json\/wp\/v2\/pages"}],"about":[{"href":"http:\/\/sehnsuchtsmuseum.de\/schau\/wp-json\/wp\/v2\/types\/page"}],"author":[{"embeddable":true,"href":"http:\/\/sehnsuchtsmuseum.de\/schau\/wp-json\/wp\/v2\/users\/1"}],"replies":[{"embeddable":true,"href":"http:\/\/sehnsuchtsmuseum.de\/schau\/wp-json\/wp\/v2\/comments?post=753"}],"version-history":[{"count":18,"href":"http:\/\/sehnsuchtsmuseum.de\/schau\/wp-json\/wp\/v2\/pages\/753\/revisions"}],"predecessor-version":[{"id":1525,"href":"http:\/\/sehnsuchtsmuseum.de\/schau\/wp-json\/wp\/v2\/pages\/753\/revisions\/1525"}],"up":[{"embeddable":true,"href":"http:\/\/sehnsuchtsmuseum.de\/schau\/wp-json\/wp\/v2\/pages\/720"}],"wp:attachment":[{"href":"http:\/\/sehnsuchtsmuseum.de\/schau\/wp-json\/wp\/v2\/media?parent=753"}],"curies":[{"name":"wp","href":"https:\/\/api.w.org\/{rel}","templated":true}]}}