{"id":986,"date":"2019-11-13T14:44:49","date_gmt":"2019-11-13T13:44:49","guid":{"rendered":"http:\/\/sehnsuchtsmuseum.de\/schau\/?page_id=986"},"modified":"2023-09-01T16:34:14","modified_gmt":"2023-09-01T14:34:14","slug":"presse","status":"publish","type":"page","link":"http:\/\/sehnsuchtsmuseum.de\/schau\/presse\/","title":{"rendered":"Presse"},"content":{"rendered":"\n<p class=\"wp-block-paragraph\"><\/p>\n\n\n\n<h6 class=\"wp-block-heading\">2023<\/h6>\n\n\n\n<h2 class=\"wp-block-heading\">Seltsamer Ort: #1 Perlenbildung<\/h2>\n\n\n\n<p class=\"wp-block-paragraph\"><a href=\"https:\/\/geheimtipp-leipzig.de\/seid-ihr-bereit-fuer-einen-seltsamen-ort\/\" target=\"_blank\" rel=\"noreferrer noopener\">Bert H\u00e4hne: Seid Ihr bereit f\u00fcr einen seltsamen Ort?<\/a><br>(Geheimtipp Leipzig, 01.09.2023)<\/p>\n\n\n\n<hr class=\"wp-block-separator has-alpha-channel-opacity\"\/>\n\n\n\n<h6 class=\"wp-block-heading\">2020<\/h6>\n\n\n\n<h2 class=\"wp-block-heading\">Das Leipziger Fliesen-Memory von Inka Perl<\/h2>\n\n\n\n<p class=\"wp-block-paragraph\"><a href=\"https:\/\/www.leipzig.travel\/fileadmin\/mediamanager\/LTM_und_Partner\/Wir_ueber_uns\/Projekte\/Publikationen\/Leipzig-naeher-dran-03-2020_L-wie-Liebe-Geschenkideen-Beihefter_LTM_leipzig.travel.pdf\" data-type=\"URL\" data-id=\"https:\/\/www.leipzig.travel\/fileadmin\/mediamanager\/LTM_und_Partner\/Wir_ueber_uns\/Projekte\/Publikationen\/Leipzig-naeher-dran-03-2020_L-wie-Liebe-Geschenkideen-Beihefter_LTM_leipzig.travel.pdf\" target=\"_blank\" rel=\"noreferrer noopener\">Sch\u00f6nheit en d\u00e9tail<\/a><br>(Leipzig \u2013 N\u00e4her dran, Ausgabe 3\/2020, Beihefter Geschenkideen, Seite 6)<\/p>\n\n\n\n<p class=\"wp-block-paragraph\"><a aria-label=\" (\u00f6ffnet in neuem Tab)\" rel=\"noreferrer noopener\" target=\"_blank\" href=\"https:\/\/geheimtipp-leipzig.de\/leipziger-fliesen-memory\/\">Bert H\u00e4hne: Leipziger Fliesen-Memory<\/a><br>(Geheimtipp Leipzig, 25.01.2020)<\/p>\n\n\n\n<hr class=\"wp-block-separator has-css-opacity\"\/>\n\n\n\n<h6 class=\"wp-block-heading\">2019<\/h6>\n\n\n\n<h2 class=\"wp-block-heading\">Museumsshop von Inka Perl<\/h2>\n\n\n\n<p class=\"wp-block-paragraph\">Ausstellung im <a href=\"https:\/\/www.herrfleischer.de\/museumsshop-von-inka-perl\/\" target=\"_blank\" rel=\"noreferrer noopener\" aria-label=\" (\u00f6ffnet in neuem Tab)\">Kiosk hr.fleischer am Reileck<\/a> in Halle\/Saale<br><\/p>\n\n\n\n<hr class=\"wp-block-separator has-css-opacity\"\/>\n\n\n\n<h6 class=\"wp-block-heading\">2017<\/h6>\n\n\n\n<h2 class=\"wp-block-heading\">Sehnsucht nach dem Museum<\/h2>\n\n\n\n<p class=\"wp-block-paragraph\">Ausstellung im Tapetenwerk Leipzig, 4D Projektort des BBKL<\/p>\n\n\n\n<p class=\"has-normal-font-size wp-block-paragraph\"><a rel=\"noreferrer noopener\" aria-label=\" (\u00f6ffnet in neuem Tab)\" href=\"http:\/\/sehnsuchtsmuseum.de\/schau\/170912_lvz\/\" target=\"_blank\">Jens Kassner: Guckl\u00f6cher in Nebenwelten<\/a> <br>(Leipziger Volkszeitung, 12.09.2017) <\/p>\n\n\n\n<p class=\"wp-block-paragraph\"><a href=\"https:\/\/geheimtipp-leipzig.de\/20-quadratmeter-unsaniert\/\" target=\"_blank\" rel=\"noreferrer noopener\" aria-label=\"Bert H\u00e4hne: 20 Quadratmeter, unsaniert (\u00f6ffnet in neuem Tab)\">Bert H\u00e4hne: 20 Quadratmeter, unsaniert<\/a><br>(Geheimtipp Leipzig, 08.08.2017)<\/p>\n\n\n\n<hr class=\"wp-block-separator has-css-opacity\"\/>\n\n\n\n<h6 class=\"wp-block-heading\">2016<\/h6>\n\n\n\n<h2 class=\"wp-block-heading\">Sehnsuchtsmuseum \u2013 Interim I<\/h2>\n\n\n\n<p class=\"wp-block-paragraph\"><a rel=\"noreferrer noopener\" aria-label=\"Bert H\u00e4hne: Das Sehnsuchtsmuseum (\u00f6ffnet in neuem Tab)\" href=\"https:\/\/geheimtipp-leipzig.de\/das-sehnsuchtsmuseum\/\" target=\"_blank\">Bert H\u00e4hne: Das Sehnsuchtsmuseum<\/a><br>(Geheimtipp Leipzig, 14.12.2016)<\/p>\n\n\n\n<div style=\"height:20px\" aria-hidden=\"true\" class=\"wp-block-spacer\"><\/div>\n\n\n\n<figure class=\"wp-block-embed is-type-rich is-provider-mixcloud wp-block-embed-mixcloud wp-embed-aspect-21-9 wp-has-aspect-ratio\"><div class=\"wp-block-embed__wrapper\">\n<iframe loading=\"lazy\" title=\"Mrs. Pepsteins Welt &quot;Edition Sehnsucht&quot; 6.12.2016 Mit Inka Perl Und Thomas Pracht\" width=\"100%\" height=\"120\" src=\"https:\/\/www.mixcloud.com\/widget\/iframe\/?feed=https%3A%2F%2Fwww.mixcloud.com%2Fmrs_pepstein%2Fmrs-pepsteins-welt-edition-sehnsucht-6122016-mit-inka-perl-und-thomas-pracht%2F&amp;hide_cover=1\" frameborder=\"0\"><\/iframe>\n<\/div><\/figure>\n\n\n\n<figure class=\"wp-block-embed is-type-rich is-provider-mixcloud wp-block-embed-mixcloud wp-embed-aspect-21-9 wp-has-aspect-ratio\"><div class=\"wp-block-embed__wrapper\">\n<iframe loading=\"lazy\" title=\"Mrs. Pepsteins Welt - Sehnsuchtsedition\" width=\"100%\" height=\"120\" src=\"https:\/\/www.mixcloud.com\/widget\/iframe\/?feed=https%3A%2F%2Fwww.mixcloud.com%2Fmrs_pepstein%2Fmrs-pepsteins-welt-sehnsuchtsedition%2F&amp;hide_cover=1\" frameborder=\"0\"><\/iframe>\n<\/div><\/figure>\n\n\n\n<p class=\"wp-block-paragraph\"><\/p>\n","protected":false},"excerpt":{"rendered":"<p>2023 Seltsamer Ort: #1 Perlenbildung Bert H\u00e4hne: Seid Ihr bereit f\u00fcr einen seltsamen Ort?(Geheimtipp Leipzig, 01.09.2023) 2020 Das Leipziger Fliesen-Memory von Inka Perl Sch\u00f6nheit en d\u00e9tail(Leipzig \u2013 N\u00e4her dran, Ausgabe 3\/2020, Beihefter Geschenkideen, Seite 6) Bert H\u00e4hne: Leipziger Fliesen-Memory(Geheimtipp Leipzig, 25.01.2020) 2019 Museumsshop von Inka &hellip; <a href=\"http:\/\/sehnsuchtsmuseum.de\/schau\/presse\/\" class=\"more-link\"><span>Continue reading<span class=\"screen-reader-text\">Presse<\/span><\/span><\/a><\/p>\n","protected":false},"author":1,"featured_media":0,"parent":0,"menu_order":0,"comment_status":"closed","ping_status":"closed","template":"","meta":{"_crdt_document":"","ngg_post_thumbnail":0,"footnotes":""},"class_list":["post-986","page","type-page","status-publish","hentry"],"_links":{"self":[{"href":"http:\/\/sehnsuchtsmuseum.de\/schau\/wp-json\/wp\/v2\/pages\/986","targetHints":{"allow":["GET"]}}],"collection":[{"href":"http:\/\/sehnsuchtsmuseum.de\/schau\/wp-json\/wp\/v2\/pages"}],"about":[{"href":"http:\/\/sehnsuchtsmuseum.de\/schau\/wp-json\/wp\/v2\/types\/page"}],"author":[{"embeddable":true,"href":"http:\/\/sehnsuchtsmuseum.de\/schau\/wp-json\/wp\/v2\/users\/1"}],"replies":[{"embeddable":true,"href":"http:\/\/sehnsuchtsmuseum.de\/schau\/wp-json\/wp\/v2\/comments?post=986"}],"version-history":[{"count":17,"href":"http:\/\/sehnsuchtsmuseum.de\/schau\/wp-json\/wp\/v2\/pages\/986\/revisions"}],"predecessor-version":[{"id":1671,"href":"http:\/\/sehnsuchtsmuseum.de\/schau\/wp-json\/wp\/v2\/pages\/986\/revisions\/1671"}],"wp:attachment":[{"href":"http:\/\/sehnsuchtsmuseum.de\/schau\/wp-json\/wp\/v2\/media?parent=986"}],"curies":[{"name":"wp","href":"https:\/\/api.w.org\/{rel}","templated":true}]}}